{"id":193,"date":"2022-09-26T13:45:53","date_gmt":"2022-09-26T11:45:53","guid":{"rendered":"https:\/\/www.paerkli.ch\/?page_id=193"},"modified":"2026-03-29T16:57:12","modified_gmt":"2026-03-29T14:57:12","slug":"willkommen-im-restaurant-paerkli","status":"publish","type":"page","link":"https:\/\/www.paerkli.ch\/?page_id=193","title":{"rendered":"Willkommen"},"content":{"rendered":"\n<p>Das libanesische Restaurant im Herzen von St. Gallen<\/p>\n\n\n\n<p>\u00d6ffnungszeiten:    <\/p>\n\n\n\n<ul class=\"wp-block-list\">\n<li>Montag 07.30 Uhr bis 14.00 Uhr (K\u00fcche: 11.30 Uhr bis 13.45 Uhr)<\/li>\n\n\n\n<li>Dienstag &#8211; Freitag 07.30 Uhr bis 22.00 Uhr (K\u00fcche: 11.30 Uhr bis 13.45 Uhr und ab 19.00 Uhr)<\/li>\n\n\n\n<li>Samstag 07.30 Uhr bis 12.00 Uhr (am Mittag keine K\u00fcche) und 18.00 Uhr bis 22.00 Uhr<\/li>\n\n\n\n<li>Sonntag Ruhetag<\/li>\n\n\n\n<li>libanesisches Buffet von Dienstag bis Samstag ab 19.00 Uhr                      (Dienstags vegan, Donnerstags vegetarisch)<\/li>\n<\/ul>\n\n\n\n<p>Feiertage geschlossen<\/p>\n\n\n\n<p>Ostern 03.04.2026 bis 06.04.2026 geschlossen<\/p>\n\n\n\n<figure class=\"wp-block-image size-large\"><img loading=\"lazy\" decoding=\"async\" width=\"1024\" height=\"682\" src=\"https:\/\/www.paerkli.ch\/wp-content\/uploads\/2022\/09\/WhatsApp-Image-2022-09-27-at-20.34.24-4-1024x682.jpeg\" alt=\"\" class=\"wp-image-230\" srcset=\"https:\/\/www.paerkli.ch\/wp-content\/uploads\/2022\/09\/WhatsApp-Image-2022-09-27-at-20.34.24-4-1024x682.jpeg 1024w, https:\/\/www.paerkli.ch\/wp-content\/uploads\/2022\/09\/WhatsApp-Image-2022-09-27-at-20.34.24-4-300x200.jpeg 300w, https:\/\/www.paerkli.ch\/wp-content\/uploads\/2022\/09\/WhatsApp-Image-2022-09-27-at-20.34.24-4-768x512.jpeg 768w, https:\/\/www.paerkli.ch\/wp-content\/uploads\/2022\/09\/WhatsApp-Image-2022-09-27-at-20.34.24-4-1536x1023.jpeg 1536w, https:\/\/www.paerkli.ch\/wp-content\/uploads\/2022\/09\/WhatsApp-Image-2022-09-27-at-20.34.24-4.jpeg 1600w\" sizes=\"auto, (max-width: 1024px) 100vw, 1024px\" \/><\/figure>\n\n\n\n<div class=\"wp-block-group is-layout-flow wp-block-group-is-layout-flow\">\n<div class=\"wp-block-columns is-layout-flex wp-container-core-columns-is-layout-28f84493 wp-block-columns-is-layout-flex\">\n<div class=\"wp-block-column is-layout-flow wp-block-column-is-layout-flow\" style=\"flex-basis:100%\">\n<pre class=\"wp-block-verse\">Restaurant p\u00e4rkli, oberer Graben 12, 9000 St.Gallen<br>Tel: 071 222 58 33<br><br>Das Restaurant p\u00e4rkli ist von Montag bis Samstag ab 07.30 Uhr ge\u00f6ffnet.<br>Mittags von Montag bis Freitag ab 11.30 Uhr kocht Chaouki Hamdar f\u00fcr Sie drei verschiedene Menus. Alles wird immer mit Suppe oder Salat und einem kleinen Dessert serviert. <br><br>Am Dienstagabend (vegan), Mittwochabend, Donnerstagabend (vegi), Freitagabend und am Samstagabend ab 19.00 Uhr k\u00f6nnen Sie im p\u00e4rkli ein reichhaltiges, libanesisches Buffet geniessen.<br>Geniessen Sie die sprichw\u00f6rtliche libanesische Gastfreundschaft und das feine Essen mit einem guten Wein in unserem gem\u00fctlichen Restaurant.<br><br>Wir freuen uns Sie bald im p\u00e4rkli zu begr\u00fcssen.<br>Chaouki und Christine Hamdar und Team<br><br><\/pre>\n<\/div>\n<\/div>\n<\/div>\n\n\n\n<p><\/p>\n","protected":false},"excerpt":{"rendered":"<p>Das libanesische Restaurant im Herzen von St. Gallen \u00d6ffnungszeiten: Feiertage geschlossen Ostern 03.04.2026 bis 06.04.2026 geschlossen Restaurant p\u00e4rkli, oberer Graben 12, 9000 St.GallenTel: 071 222 58 33Das Restaurant p\u00e4rkli ist von Montag bis Samstag ab 07.30 Uhr ge\u00f6ffnet.Mittags von Montag bis Freitag ab 11.30 Uhr kocht Chaouki Hamdar f\u00fcr Sie drei verschiedene Menus. Alles wird [&hellip;]<\/p>\n","protected":false},"author":1,"featured_media":0,"parent":0,"menu_order":0,"comment_status":"closed","ping_status":"closed","template":"","meta":{"footnotes":""},"class_list":["post-193","page","type-page","status-publish","hentry"],"_links":{"self":[{"href":"https:\/\/www.paerkli.ch\/index.php?rest_route=\/wp\/v2\/pages\/193","targetHints":{"allow":["GET"]}}],"collection":[{"href":"https:\/\/www.paerkli.ch\/index.php?rest_route=\/wp\/v2\/pages"}],"about":[{"href":"https:\/\/www.paerkli.ch\/index.php?rest_route=\/wp\/v2\/types\/page"}],"author":[{"embeddable":true,"href":"https:\/\/www.paerkli.ch\/index.php?rest_route=\/wp\/v2\/users\/1"}],"replies":[{"embeddable":true,"href":"https:\/\/www.paerkli.ch\/index.php?rest_route=%2Fwp%2Fv2%2Fcomments&post=193"}],"version-history":[{"count":40,"href":"https:\/\/www.paerkli.ch\/index.php?rest_route=\/wp\/v2\/pages\/193\/revisions"}],"predecessor-version":[{"id":772,"href":"https:\/\/www.paerkli.ch\/index.php?rest_route=\/wp\/v2\/pages\/193\/revisions\/772"}],"wp:attachment":[{"href":"https:\/\/www.paerkli.ch\/index.php?rest_route=%2Fwp%2Fv2%2Fmedia&parent=193"}],"curies":[{"name":"wp","href":"https:\/\/api.w.org\/{rel}","templated":true}]}}